{"id":8669,"date":"2024-01-04T18:31:50","date_gmt":"2024-01-04T17:31:50","guid":{"rendered":"https:\/\/www.conquest.pl\/?page_id=8669"},"modified":"2024-06-10T02:28:12","modified_gmt":"2024-06-10T00:28:12","slug":"rodo-informationsklauseln","status":"publish","type":"page","link":"https:\/\/www.conquest.pl\/de\/rodo-informationsklauseln\/","title":{"rendered":"RODO"},"content":{"rendered":"<h2><\/h2>\n<h2>Bauunternehmer:<\/h2>\n<p style=\"text-align: center;\"><em><u>INFORMATIONSKLAUSEL<\/u><\/em><br \/>\npersonenbezogene Daten zu verarbeiten<\/p>\n<p>Gem\u00e4\u00df Artikel 13 Absatz 1 der Verordnung (EU) 2016\/679 des Europ\u00e4ischen Parlaments und des Rates vom 27. April 2016 zum Schutz nat\u00fcrlicher Personen bei der Verarbeitung personenbezogener Daten und zum freien Datenverkehr (Datenschutz-Grundverordnung), im Folgenden RODO genannt, informiere ich Sie dar\u00fcber:<\/p>\n<table width=\"647\">\n<tbody>\n<tr>\n<td width=\"249\">Der f\u00fcr die Verarbeitung Ihrer Daten Verantwortliche ist:<\/td>\n<td width=\"398\">Verein \"CONQUEST CONSULTING\"<\/p>\n<p>02-508 Warschau ul. Pu\u0142awska 39\/1<\/p>\n<p>E-Mail: board@conquest.pl<\/td>\n<\/tr>\n<tr>\n<td width=\"249\">Ihre Daten werden f\u00fcr folgende Zwecke verarbeitet:<\/td>\n<td width=\"398\">Durchf\u00fchrung des Abkommens<\/td>\n<\/tr>\n<tr>\n<td width=\"249\">Die Grundlage f\u00fcr die Verarbeitung Ihrer personenbezogenen Daten ist:<\/td>\n<td width=\"398\">Artikel 6(1)(b) RODO \/ Vertrag, den Sie unterzeichnet haben.<\/td>\n<\/tr>\n<tr>\n<td width=\"249\">Informationen \u00fcber die Weitergabe von Daten an andere Stellen:<\/td>\n<td width=\"398\">Die Empf\u00e4nger Ihrer personenbezogenen Daten sind ausschlie\u00dflich Einrichtungen, die aufgrund von Gesetzen zum Erhalt personenbezogener Daten berechtigt sind. Ihre Daten werden nicht an internationale Organisationen und Drittl\u00e4nder weitergegeben.<\/td>\n<\/tr>\n<tr>\n<td width=\"249\">Dauer der Datenspeicherung:<\/td>\n<td width=\"398\">- die Laufzeit des Vertrages,<br \/>\n- gesetzliche Bestimmungen, die uns verpflichten k\u00f6nnen, Daten f\u00fcr einen bestimmten Zeitraum zu verarbeiten,<br \/>\n- Zeitraum, der zur Verteidigung unserer Interessen erforderlich ist.<\/td>\n<\/tr>\n<tr>\n<td width=\"249\">Sie haben das Recht dazu:<\/td>\n<td width=\"398\">1. Zugang zu ihren Daten und die M\u00f6glichkeit, sie zu korrigieren,<\/p>\n<p>2. die Verarbeitung Ihrer Daten einzuschr\u00e4nken,<\/p>\n<p>3. Daten\u00fcbertragbarkeit,<\/p>\n<p>4. eine Beschwerde bei einer Aufsichtsbeh\u00f6rde einzureichen.<\/td>\n<\/tr>\n<tr>\n<td width=\"249\">Die von Ihnen angegebenen Daten sind:<\/td>\n<td width=\"398\">Die Angabe ist freiwillig. Die Nichtbereitstellung von Daten f\u00fchrt dazu, dass der Vertrag nicht erf\u00fcllt werden kann.<\/td>\n<\/tr>\n<tr>\n<td width=\"249\">Ihre Daten:<\/td>\n<td width=\"398\">nicht Gegenstand einer automatisierten Entscheidungsfindung oder eines Profilings sind<\/td>\n<\/tr>\n<\/tbody>\n<\/table>\n<p>&nbsp;<\/p>\n<h2>Kandidaten f\u00fcr den Job:<\/h2>\n<p style=\"text-align: center;\"><em><u>INFORMATIONSKLAUSEL<\/u><\/em><br \/>\npersonenbezogene Daten zu verarbeiten<\/p>\n<p>Gem\u00e4\u00df Artikel 13 Absatz 1 der Verordnung (EU) 2016\/679 des Europ\u00e4ischen Parlaments und des Rates vom 27. April 2016 zum Schutz nat\u00fcrlicher Personen bei der Verarbeitung personenbezogener Daten und zum freien Datenverkehr (Datenschutz-Grundverordnung), im Folgenden RODO genannt, informiere ich Sie dar\u00fcber:<\/p>\n<table width=\"647\">\n<tbody>\n<tr>\n<td width=\"249\">Der f\u00fcr die Verarbeitung Ihrer Daten Verantwortliche ist:<\/td>\n<td width=\"398\">&nbsp;<\/p>\n<p>Verein \"CONQUEST CONSULTING\"<\/p>\n<p>02-508 Warschau ul. Pu\u0142awska 39\/1<\/p>\n<p>E-Mail: board@conquest.pl<\/p>\n<p>&nbsp;<\/td>\n<\/tr>\n<tr>\n<td width=\"249\">Ihre Daten werden f\u00fcr folgende Zwecke verarbeitet:<\/td>\n<td width=\"398\">Rekrutierung<\/td>\n<\/tr>\n<tr>\n<td width=\"249\">Die Grundlage f\u00fcr die Verarbeitung Ihrer personenbezogenen Daten ist:<\/td>\n<td width=\"398\">Ihre Zustimmung<\/td>\n<\/tr>\n<tr>\n<td width=\"249\">Informationen \u00fcber die Weitergabe von Daten an andere Stellen:<\/td>\n<td width=\"398\">Ihre Daten werden nicht an andere, nicht in der Gesetzgebung genannte Stellen \u00fcbermittelt. Ihre Daten werden nicht an internationale Organisationen und Drittl\u00e4nder \u00fcbermittelt.<\/td>\n<\/tr>\n<tr>\n<td width=\"249\">Dauer der Datenspeicherung:<\/td>\n<td width=\"398\">F\u00fcr die Dauer des Einstellungsverfahrens.<\/td>\n<\/tr>\n<tr>\n<td width=\"249\">Sie haben das Recht dazu:<\/td>\n<td width=\"398\">1. Zugang zu ihren Daten und die M\u00f6glichkeit, sie zu korrigieren,<\/p>\n<p>2. L\u00f6schen Sie Ihre Daten,<\/p>\n<p>3. die Verarbeitung Ihrer Daten einzuschr\u00e4nken,<\/p>\n<p>4. die \u00dcbertragbarkeit von Daten,<\/p>\n<p>5. den Widerruf der Zustimmung,<\/p>\n<p>6. eine Beschwerde bei einer Aufsichtsbeh\u00f6rde einzureichen.<\/td>\n<\/tr>\n<tr>\n<td width=\"249\">Die von Ihnen angegebenen Daten sind:<\/td>\n<td width=\"398\">Die Teilnahme ist freiwillig. Die Nichtbereitstellung von Daten f\u00fchrt dazu, dass eine Einstellung nicht m\u00f6glich ist.<\/td>\n<\/tr>\n<tr>\n<td width=\"249\">Ihre Daten:<\/td>\n<td width=\"398\">nicht Gegenstand einer automatisierten Entscheidungsfindung oder eines Profilings sind<\/td>\n<\/tr>\n<\/tbody>\n<\/table>\n<p>&nbsp;<\/p>\n<h2>Mitarbeiter:<\/h2>\n<p style=\"text-align: center;\"><em><u>INFORMATIONSKLAUSEL<\/u><\/em><br \/>\npersonenbezogene Daten zu verarbeiten<\/p>\n<p>Gem\u00e4\u00df Artikel 13 Absatz 1 der Verordnung (EU) 2016\/679 des Europ\u00e4ischen Parlaments und des Rates vom 27. April 2016 zum Schutz nat\u00fcrlicher Personen bei der Verarbeitung personenbezogener Daten und zum freien Datenverkehr (Datenschutz-Grundverordnung), im Folgenden RODO genannt, informiere ich Sie dar\u00fcber:<\/p>\n<table width=\"647\">\n<tbody>\n<tr>\n<td width=\"249\">Der f\u00fcr die Verarbeitung Ihrer Daten Verantwortliche ist:<\/td>\n<td width=\"398\">Verein \"CONQUEST CONSULTING\"<\/p>\n<p>02-508 Warschau ul. Pu\u0142awska 39\/1<\/p>\n<p>E-Mail: board@conquest.pl<\/td>\n<\/tr>\n<tr>\n<td width=\"249\">Ihre Daten werden f\u00fcr folgende Zwecke verarbeitet:<\/td>\n<td width=\"398\">\u00a0Vertragserf\u00fcllung - auf der Grundlage von Artikel 6 Absatz 1 Buchstabe b der Datenschutz-Grundverordnung vom 27. April 2016 und k\u00f6nnen auch f\u00fcr die Geltendmachung von zivilrechtlichen Anspr\u00fcchen und die Verteidigung gegen solche Anspr\u00fcche verarbeitet werden, falls sie entstehen.<\/td>\n<\/tr>\n<tr>\n<td width=\"249\">Die Grundlage f\u00fcr die Verarbeitung Ihrer personenbezogenen Daten ist:<\/td>\n<td width=\"398\">\u00a0Artikel 6 Absatz 1 Buchstaben b und c der Allgemeinen Datenschutzverordnung vom 27. April 2016, Gesetz vom 23. April 1964, Zivilgesetzbuch (GBl. 2020, Nr. 1740)<\/td>\n<\/tr>\n<tr>\n<td width=\"249\">Informationen \u00fcber die Weitergabe von Daten an andere Stellen:<\/td>\n<td width=\"398\">Ihre Daten werden nicht an andere, in den Rechtsvorschriften nicht genannte Stellen weitergegeben.<\/td>\n<\/tr>\n<tr>\n<td width=\"249\">Dauer der Datenspeicherung:<\/td>\n<td width=\"398\">Zivilrechtliche Vertragsunterlagen - 5 Jahre<\/td>\n<\/tr>\n<tr>\n<td width=\"249\">Sie haben das Recht dazu:<\/td>\n<td width=\"398\">1. Zugang zu ihren Daten und die M\u00f6glichkeit, sie zu korrigieren,<\/p>\n<p>2. die Verarbeitung Ihrer Daten einzuschr\u00e4nken,<\/p>\n<p>3. Daten\u00fcbertragbarkeit,<\/p>\n<p>4. eine Beschwerde bei einer Aufsichtsbeh\u00f6rde einzureichen.<\/td>\n<\/tr>\n<tr>\n<td width=\"249\">Die von Ihnen angegebenen Daten sind:<\/td>\n<td width=\"398\">des Gesetzes vom 23. April 1964 \u00fcber das Zivilgesetzbuch (Gesetzblatt 2020, Pos. 1740).  Die Bereitstellung personenbezogener Daten in dem vom Zivilgesetzbuch vorgeschriebenen Umfang ist obligatorisch. Die Nichtbereitstellung der Daten hat zur Folge, dass die Anforderungen des Gesetzes nicht erf\u00fcllt werden.<\/td>\n<\/tr>\n<tr>\n<td width=\"249\">Ihre Daten:<\/td>\n<td width=\"398\">nicht Gegenstand einer automatisierten Entscheidungsfindung oder eines Profilings sind<\/td>\n<\/tr>\n<\/tbody>\n<\/table>","protected":false},"excerpt":{"rendered":"<p>Kontrahenci: KLAUZULA INFORMACYJNA do przetwarzania danych osobowych Na podstawie art. 13 ust. 1 Rozporz\u0105dzenia Parlamentu Europejskiego i Rady (UE) 2016\/679 z dnia 27 kwietnia 2016 r. w sprawie ochrony os\u00f3b fizycznych w zwi\u0105zku z przetwarzaniem danych osobowych i\u00a0w\u00a0sprawie swobodnego przep\u0142ywu takich danych (og\u00f3lne rozporz\u0105dzenie o ochronie danych), zwane dalej RODO, informuj\u0119 Pana\/Pani\u0105, \u017ce: Administratorem Pana\/i [&hellip;]<\/p>\n","protected":false},"author":9,"featured_media":0,"parent":0,"menu_order":0,"comment_status":"closed","ping_status":"closed","template":"templates\/regulamin.php","meta":{"_acf_changed":false,"footnotes":""},"class_list":["post-8669","page","type-page","status-publish","hentry"],"acf":[],"yoast_head":"<!-- This site is optimized with the Yoast SEO plugin v27.4 - https:\/\/yoast.com\/product\/yoast-seo-wordpress\/ -->\n<title>RODO - ConQuest Consulting<\/title>\n<meta name=\"description\" content=\"Klauzule informacyjne dla kontrahent\u00f3w, kandydat\u00f3w do pracy i pracownik\u00f3w do przetwarzania danych osobowych.\" \/>\n<meta name=\"robots\" content=\"index, follow, max-snippet:-1, max-image-preview:large, max-video-preview:-1\" \/>\n<link rel=\"canonical\" href=\"https:\/\/www.conquest.pl\/de\/rodo-informationsklauseln\/\" \/>\n<meta property=\"og:locale\" content=\"de_DE\" \/>\n<meta property=\"og:type\" content=\"article\" \/>\n<meta property=\"og:title\" content=\"RODO - ConQuest Consulting\" \/>\n<meta property=\"og:description\" content=\"Klauzule informacyjne dla kontrahent\u00f3w, kandydat\u00f3w do pracy i pracownik\u00f3w do przetwarzania danych osobowych.\" \/>\n<meta property=\"og:url\" content=\"https:\/\/www.conquest.pl\/de\/rodo-informationsklauseln\/\" \/>\n<meta property=\"og:site_name\" content=\"ConQuest Consulting\" \/>\n<meta property=\"article:modified_time\" content=\"2024-06-10T00:28:12+00:00\" \/>\n<meta name=\"twitter:card\" content=\"summary_large_image\" \/>\n<meta name=\"twitter:label1\" content=\"Gesch\u00e4tzte Lesezeit\" \/>\n\t<meta name=\"twitter:data1\" content=\"4\u00a0Minuten\" \/>\n<script type=\"application\/ld+json\" class=\"yoast-schema-graph\">{\"@context\":\"https:\\\/\\\/schema.org\",\"@graph\":[{\"@type\":\"WebPage\",\"@id\":\"https:\\\/\\\/www.conquest.pl\\\/klauzule-informacyjne-rodo\\\/\",\"url\":\"https:\\\/\\\/www.conquest.pl\\\/klauzule-informacyjne-rodo\\\/\",\"name\":\"RODO - ConQuest Consulting\",\"isPartOf\":{\"@id\":\"https:\\\/\\\/www.conquest.pl\\\/#website\"},\"datePublished\":\"2024-01-04T17:31:50+00:00\",\"dateModified\":\"2024-06-10T00:28:12+00:00\",\"description\":\"Klauzule informacyjne dla kontrahent\u00f3w, kandydat\u00f3w do pracy i pracownik\u00f3w do przetwarzania danych osobowych.\",\"breadcrumb\":{\"@id\":\"https:\\\/\\\/www.conquest.pl\\\/klauzule-informacyjne-rodo\\\/#breadcrumb\"},\"inLanguage\":\"de\",\"potentialAction\":[{\"@type\":\"ReadAction\",\"target\":[\"https:\\\/\\\/www.conquest.pl\\\/klauzule-informacyjne-rodo\\\/\"]}]},{\"@type\":\"BreadcrumbList\",\"@id\":\"https:\\\/\\\/www.conquest.pl\\\/klauzule-informacyjne-rodo\\\/#breadcrumb\",\"itemListElement\":[{\"@type\":\"ListItem\",\"position\":1,\"name\":\"Strona g\u0142\u00f3wna\",\"item\":\"https:\\\/\\\/www.conquest.pl\\\/\"},{\"@type\":\"ListItem\",\"position\":2,\"name\":\"RODO\"}]},{\"@type\":\"WebSite\",\"@id\":\"https:\\\/\\\/www.conquest.pl\\\/#website\",\"url\":\"https:\\\/\\\/www.conquest.pl\\\/\",\"name\":\"ConQuest Consulting\",\"description\":\"Pomagamy podejmowa\u0107 trafne decyzje biznesowe\",\"potentialAction\":[{\"@type\":\"SearchAction\",\"target\":{\"@type\":\"EntryPoint\",\"urlTemplate\":\"https:\\\/\\\/www.conquest.pl\\\/?s={search_term_string}\"},\"query-input\":{\"@type\":\"PropertyValueSpecification\",\"valueRequired\":true,\"valueName\":\"search_term_string\"}}],\"inLanguage\":\"de\"}]}<\/script>\n<!-- \/ Yoast SEO plugin. -->","yoast_head_json":{"title":"RODO - ConQuest Beratung","description":"Informationsklauseln f\u00fcr Auftragnehmer, Stellenbewerber und Mitarbeiter zur Verarbeitung personenbezogener Daten.","robots":{"index":"index","follow":"follow","max-snippet":"max-snippet:-1","max-image-preview":"max-image-preview:large","max-video-preview":"max-video-preview:-1"},"canonical":"https:\/\/www.conquest.pl\/de\/rodo-informationsklauseln\/","og_locale":"de_DE","og_type":"article","og_title":"RODO - ConQuest Consulting","og_description":"Klauzule informacyjne dla kontrahent\u00f3w, kandydat\u00f3w do pracy i pracownik\u00f3w do przetwarzania danych osobowych.","og_url":"https:\/\/www.conquest.pl\/de\/rodo-informationsklauseln\/","og_site_name":"ConQuest Consulting","article_modified_time":"2024-06-10T00:28:12+00:00","twitter_card":"summary_large_image","twitter_misc":{"Gesch\u00e4tzte Lesezeit":"4\u00a0Minuten"},"schema":{"@context":"https:\/\/schema.org","@graph":[{"@type":"WebPage","@id":"https:\/\/www.conquest.pl\/klauzule-informacyjne-rodo\/","url":"https:\/\/www.conquest.pl\/klauzule-informacyjne-rodo\/","name":"RODO - ConQuest Beratung","isPartOf":{"@id":"https:\/\/www.conquest.pl\/#website"},"datePublished":"2024-01-04T17:31:50+00:00","dateModified":"2024-06-10T00:28:12+00:00","description":"Informationsklauseln f\u00fcr Auftragnehmer, Stellenbewerber und Mitarbeiter zur Verarbeitung personenbezogener Daten.","breadcrumb":{"@id":"https:\/\/www.conquest.pl\/klauzule-informacyjne-rodo\/#breadcrumb"},"inLanguage":"de","potentialAction":[{"@type":"ReadAction","target":["https:\/\/www.conquest.pl\/klauzule-informacyjne-rodo\/"]}]},{"@type":"BreadcrumbList","@id":"https:\/\/www.conquest.pl\/klauzule-informacyjne-rodo\/#breadcrumb","itemListElement":[{"@type":"ListItem","position":1,"name":"Strona g\u0142\u00f3wna","item":"https:\/\/www.conquest.pl\/"},{"@type":"ListItem","position":2,"name":"RODO"}]},{"@type":"WebSite","@id":"https:\/\/www.conquest.pl\/#website","url":"https:\/\/www.conquest.pl\/","name":"ConQuest Beratung","description":"Wir helfen Ihnen, die richtigen gesch\u00e4ftlichen Entscheidungen zu treffen","potentialAction":[{"@type":"SearchAction","target":{"@type":"EntryPoint","urlTemplate":"https:\/\/www.conquest.pl\/?s={search_term_string}"},"query-input":{"@type":"PropertyValueSpecification","valueRequired":true,"valueName":"search_term_string"}}],"inLanguage":"de"}]}},"_links":{"self":[{"href":"https:\/\/www.conquest.pl\/de\/wp-json\/wp\/v2\/pages\/8669","targetHints":{"allow":["GET"]}}],"collection":[{"href":"https:\/\/www.conquest.pl\/de\/wp-json\/wp\/v2\/pages"}],"about":[{"href":"https:\/\/www.conquest.pl\/de\/wp-json\/wp\/v2\/types\/page"}],"author":[{"embeddable":true,"href":"https:\/\/www.conquest.pl\/de\/wp-json\/wp\/v2\/users\/9"}],"replies":[{"embeddable":true,"href":"https:\/\/www.conquest.pl\/de\/wp-json\/wp\/v2\/comments?post=8669"}],"version-history":[{"count":6,"href":"https:\/\/www.conquest.pl\/de\/wp-json\/wp\/v2\/pages\/8669\/revisions"}],"predecessor-version":[{"id":8675,"href":"https:\/\/www.conquest.pl\/de\/wp-json\/wp\/v2\/pages\/8669\/revisions\/8675"}],"wp:attachment":[{"href":"https:\/\/www.conquest.pl\/de\/wp-json\/wp\/v2\/media?parent=8669"}],"curies":[{"name":"wp","href":"https:\/\/api.w.org\/{rel}","templated":true}]}}