{"id":27,"date":"2021-10-29T14:29:57","date_gmt":"2021-10-29T12:29:57","guid":{"rendered":"https:\/\/www.conquest.pl\/?page_id=27"},"modified":"2025-10-09T13:42:22","modified_gmt":"2025-10-09T11:42:22","slug":"free-consultation","status":"publish","type":"page","link":"https:\/\/www.conquest.pl\/en\/free-consultation\/","title":{"rendered":"Free consultation"},"content":{"rendered":"<p>Why a free consultation? We want to show you that you can trust us. Tell us what we can help you with.<\/p>","protected":false},"excerpt":{"rendered":"<p>Why a free consultation? We want to show you that you can trust us. Tell us what we can help you with.<\/p>","protected":false},"author":1,"featured_media":3758,"parent":0,"menu_order":0,"comment_status":"closed","ping_status":"closed","template":"templates\/konsultacja.php","meta":{"_acf_changed":false,"footnotes":""},"class_list":["post-27","page","type-page","status-publish","has-post-thumbnail","hentry"],"acf":[],"yoast_head":"<!-- This site is optimized with the Yoast SEO plugin v27.4 - https:\/\/yoast.com\/product\/yoast-seo-wordpress\/ -->\n<title>Bezp\u0142atna konsultacja - ConQuest Consulting<\/title>\n<meta name=\"description\" content=\"Dlaczego darmowa konsultacja? Chcemy pokaza\u0107 Ci, \u017ce mo\u017cesz nam zaufa\u0107. Opowiedz nam, w czym mo\u017cemy Ci pom\u00f3c! Najlepsze doradztwo biznesowe!\" \/>\n<meta name=\"robots\" content=\"index, follow, max-snippet:-1, max-image-preview:large, max-video-preview:-1\" \/>\n<link rel=\"canonical\" href=\"https:\/\/www.conquest.pl\/en\/free-consultation\/\" \/>\n<meta property=\"og:locale\" content=\"en_US\" \/>\n<meta property=\"og:type\" content=\"article\" \/>\n<meta property=\"og:title\" content=\"Bezp\u0142atna konsultacja - ConQuest Consulting\" \/>\n<meta property=\"og:description\" content=\"Dlaczego darmowa konsultacja? Chcemy pokaza\u0107 Ci, \u017ce mo\u017cesz nam zaufa\u0107. Opowiedz nam, w czym mo\u017cemy Ci pom\u00f3c! Najlepsze doradztwo biznesowe!\" \/>\n<meta property=\"og:url\" content=\"https:\/\/www.conquest.pl\/en\/free-consultation\/\" \/>\n<meta property=\"og:site_name\" content=\"ConQuest Consulting\" \/>\n<meta property=\"article:modified_time\" content=\"2025-10-09T11:42:22+00:00\" \/>\n<meta property=\"og:image\" content=\"https:\/\/www.conquest.pl\/wp-content\/uploads\/2022\/10\/john-schnobrich-FlPc9_VocJ4-unsplash-e1673035114440.jpg\" \/>\n\t<meta property=\"og:image:width\" content=\"1200\" \/>\n\t<meta property=\"og:image:height\" content=\"800\" \/>\n\t<meta property=\"og:image:type\" content=\"image\/jpeg\" \/>\n<meta name=\"twitter:card\" content=\"summary_large_image\" \/>\n<meta name=\"twitter:label1\" content=\"Est. reading time\" \/>\n\t<meta name=\"twitter:data1\" content=\"1 minute\" \/>\n<script type=\"application\/ld+json\" class=\"yoast-schema-graph\">{\"@context\":\"https:\\\/\\\/schema.org\",\"@graph\":[{\"@type\":\"WebPage\",\"@id\":\"https:\\\/\\\/www.conquest.pl\\\/bezplatna-konsultacja\\\/\",\"url\":\"https:\\\/\\\/www.conquest.pl\\\/bezplatna-konsultacja\\\/\",\"name\":\"Bezp\u0142atna konsultacja - ConQuest Consulting\",\"isPartOf\":{\"@id\":\"https:\\\/\\\/www.conquest.pl\\\/#website\"},\"primaryImageOfPage\":{\"@id\":\"https:\\\/\\\/www.conquest.pl\\\/bezplatna-konsultacja\\\/#primaryimage\"},\"image\":{\"@id\":\"https:\\\/\\\/www.conquest.pl\\\/bezplatna-konsultacja\\\/#primaryimage\"},\"thumbnailUrl\":\"https:\\\/\\\/www.conquest.pl\\\/wp-content\\\/uploads\\\/2022\\\/10\\\/john-schnobrich-FlPc9_VocJ4-unsplash-e1673035114440.jpg\",\"datePublished\":\"2021-10-29T12:29:57+00:00\",\"dateModified\":\"2025-10-09T11:42:22+00:00\",\"description\":\"Dlaczego darmowa konsultacja? Chcemy pokaza\u0107 Ci, \u017ce mo\u017cesz nam zaufa\u0107. Opowiedz nam, w czym mo\u017cemy Ci pom\u00f3c! Najlepsze doradztwo biznesowe!\",\"breadcrumb\":{\"@id\":\"https:\\\/\\\/www.conquest.pl\\\/bezplatna-konsultacja\\\/#breadcrumb\"},\"inLanguage\":\"en-US\",\"potentialAction\":[{\"@type\":\"ReadAction\",\"target\":[\"https:\\\/\\\/www.conquest.pl\\\/bezplatna-konsultacja\\\/\"]}]},{\"@type\":\"ImageObject\",\"inLanguage\":\"en-US\",\"@id\":\"https:\\\/\\\/www.conquest.pl\\\/bezplatna-konsultacja\\\/#primaryimage\",\"url\":\"https:\\\/\\\/www.conquest.pl\\\/wp-content\\\/uploads\\\/2022\\\/10\\\/john-schnobrich-FlPc9_VocJ4-unsplash-e1673035114440.jpg\",\"contentUrl\":\"https:\\\/\\\/www.conquest.pl\\\/wp-content\\\/uploads\\\/2022\\\/10\\\/john-schnobrich-FlPc9_VocJ4-unsplash-e1673035114440.jpg\",\"width\":1200,\"height\":800,\"caption\":\"konsultacja\"},{\"@type\":\"BreadcrumbList\",\"@id\":\"https:\\\/\\\/www.conquest.pl\\\/bezplatna-konsultacja\\\/#breadcrumb\",\"itemListElement\":[{\"@type\":\"ListItem\",\"position\":1,\"name\":\"Strona g\u0142\u00f3wna\",\"item\":\"https:\\\/\\\/www.conquest.pl\\\/\"},{\"@type\":\"ListItem\",\"position\":2,\"name\":\"Bezp\u0142atna konsultacja\"}]},{\"@type\":\"WebSite\",\"@id\":\"https:\\\/\\\/www.conquest.pl\\\/#website\",\"url\":\"https:\\\/\\\/www.conquest.pl\\\/\",\"name\":\"ConQuest Consulting\",\"description\":\"Pomagamy podejmowa\u0107 trafne decyzje biznesowe\",\"potentialAction\":[{\"@type\":\"SearchAction\",\"target\":{\"@type\":\"EntryPoint\",\"urlTemplate\":\"https:\\\/\\\/www.conquest.pl\\\/?s={search_term_string}\"},\"query-input\":{\"@type\":\"PropertyValueSpecification\",\"valueRequired\":true,\"valueName\":\"search_term_string\"}}],\"inLanguage\":\"en-US\"}]}<\/script>\n<!-- \/ Yoast SEO plugin. -->","yoast_head_json":{"title":"Free consultation - ConQuest Consulting","description":"Why a free consultation? We want to show you that you can trust us. Tell us what we can help you with! The best business consulting!","robots":{"index":"index","follow":"follow","max-snippet":"max-snippet:-1","max-image-preview":"max-image-preview:large","max-video-preview":"max-video-preview:-1"},"canonical":"https:\/\/www.conquest.pl\/en\/free-consultation\/","og_locale":"en_US","og_type":"article","og_title":"Bezp\u0142atna konsultacja - ConQuest Consulting","og_description":"Dlaczego darmowa konsultacja? Chcemy pokaza\u0107 Ci, \u017ce mo\u017cesz nam zaufa\u0107. Opowiedz nam, w czym mo\u017cemy Ci pom\u00f3c! Najlepsze doradztwo biznesowe!","og_url":"https:\/\/www.conquest.pl\/en\/free-consultation\/","og_site_name":"ConQuest Consulting","article_modified_time":"2025-10-09T11:42:22+00:00","og_image":[{"width":1200,"height":800,"url":"https:\/\/www.conquest.pl\/wp-content\/uploads\/2022\/10\/john-schnobrich-FlPc9_VocJ4-unsplash-e1673035114440.jpg","type":"image\/jpeg"}],"twitter_card":"summary_large_image","twitter_misc":{"Est. reading time":"1 minute"},"schema":{"@context":"https:\/\/schema.org","@graph":[{"@type":"WebPage","@id":"https:\/\/www.conquest.pl\/bezplatna-konsultacja\/","url":"https:\/\/www.conquest.pl\/bezplatna-konsultacja\/","name":"Free consultation - ConQuest Consulting","isPartOf":{"@id":"https:\/\/www.conquest.pl\/#website"},"primaryImageOfPage":{"@id":"https:\/\/www.conquest.pl\/bezplatna-konsultacja\/#primaryimage"},"image":{"@id":"https:\/\/www.conquest.pl\/bezplatna-konsultacja\/#primaryimage"},"thumbnailUrl":"https:\/\/www.conquest.pl\/wp-content\/uploads\/2022\/10\/john-schnobrich-FlPc9_VocJ4-unsplash-e1673035114440.jpg","datePublished":"2021-10-29T12:29:57+00:00","dateModified":"2025-10-09T11:42:22+00:00","description":"Why a free consultation? We want to show you that you can trust us. Tell us what we can help you with! The best business consulting!","breadcrumb":{"@id":"https:\/\/www.conquest.pl\/bezplatna-konsultacja\/#breadcrumb"},"inLanguage":"en-US","potentialAction":[{"@type":"ReadAction","target":["https:\/\/www.conquest.pl\/bezplatna-konsultacja\/"]}]},{"@type":"ImageObject","inLanguage":"en-US","@id":"https:\/\/www.conquest.pl\/bezplatna-konsultacja\/#primaryimage","url":"https:\/\/www.conquest.pl\/wp-content\/uploads\/2022\/10\/john-schnobrich-FlPc9_VocJ4-unsplash-e1673035114440.jpg","contentUrl":"https:\/\/www.conquest.pl\/wp-content\/uploads\/2022\/10\/john-schnobrich-FlPc9_VocJ4-unsplash-e1673035114440.jpg","width":1200,"height":800,"caption":"konsultacja"},{"@type":"BreadcrumbList","@id":"https:\/\/www.conquest.pl\/bezplatna-konsultacja\/#breadcrumb","itemListElement":[{"@type":"ListItem","position":1,"name":"Strona g\u0142\u00f3wna","item":"https:\/\/www.conquest.pl\/"},{"@type":"ListItem","position":2,"name":"Bezp\u0142atna konsultacja"}]},{"@type":"WebSite","@id":"https:\/\/www.conquest.pl\/#website","url":"https:\/\/www.conquest.pl\/","name":"ConQuest Consulting","description":"We help you make the right business decisions","potentialAction":[{"@type":"SearchAction","target":{"@type":"EntryPoint","urlTemplate":"https:\/\/www.conquest.pl\/?s={search_term_string}"},"query-input":{"@type":"PropertyValueSpecification","valueRequired":true,"valueName":"search_term_string"}}],"inLanguage":"en-US"}]}},"_links":{"self":[{"href":"https:\/\/www.conquest.pl\/en\/wp-json\/wp\/v2\/pages\/27","targetHints":{"allow":["GET"]}}],"collection":[{"href":"https:\/\/www.conquest.pl\/en\/wp-json\/wp\/v2\/pages"}],"about":[{"href":"https:\/\/www.conquest.pl\/en\/wp-json\/wp\/v2\/types\/page"}],"author":[{"embeddable":true,"href":"https:\/\/www.conquest.pl\/en\/wp-json\/wp\/v2\/users\/1"}],"replies":[{"embeddable":true,"href":"https:\/\/www.conquest.pl\/en\/wp-json\/wp\/v2\/comments?post=27"}],"version-history":[{"count":66,"href":"https:\/\/www.conquest.pl\/en\/wp-json\/wp\/v2\/pages\/27\/revisions"}],"predecessor-version":[{"id":13022,"href":"https:\/\/www.conquest.pl\/en\/wp-json\/wp\/v2\/pages\/27\/revisions\/13022"}],"wp:featuredmedia":[{"embeddable":true,"href":"https:\/\/www.conquest.pl\/en\/wp-json\/wp\/v2\/media\/3758"}],"wp:attachment":[{"href":"https:\/\/www.conquest.pl\/en\/wp-json\/wp\/v2\/media?parent=27"}],"curies":[{"name":"wp","href":"https:\/\/api.w.org\/{rel}","templated":true}]}}