{"id":6,"date":"2021-10-27T20:00:02","date_gmt":"2021-10-27T18:00:02","guid":{"rendered":"https:\/\/www.conquest.pl\/?page_id=6"},"modified":"2026-03-31T18:01:19","modified_gmt":"2026-03-31T16:01:19","slug":"acerca-de-nosotros","status":"publish","type":"page","link":"https:\/\/www.conquest.pl\/es\/acerca-de-nosotros\/","title":{"rendered":"Qui\u00e9nes somos"},"content":{"rendered":"","protected":false},"excerpt":{"rendered":"","protected":false},"author":1,"featured_media":1000,"parent":0,"menu_order":0,"comment_status":"closed","ping_status":"closed","template":"templates\/o-nas.php","meta":{"_acf_changed":false,"footnotes":""},"class_list":["post-6","page","type-page","status-publish","has-post-thumbnail","hentry"],"acf":[],"yoast_head":"<!-- This site is optimized with the Yoast SEO plugin v27.4 - https:\/\/yoast.com\/product\/yoast-seo-wordpress\/ -->\n<title>O nas - ConQuest Consulting<\/title>\n<meta name=\"description\" content=\"Czym jest ConQuest? Tworzymy zesp\u00f3\u0142, kt\u00f3ry nie boi si\u0119 wyzwa\u0144. Dbamy o jako\u015b\u0107 \u015bwiadczonych us\u0142ug. Doradztwo biznesowe, kt\u00f3re pokochasz!\" \/>\n<meta name=\"robots\" content=\"index, follow, max-snippet:-1, max-image-preview:large, max-video-preview:-1\" \/>\n<link rel=\"canonical\" href=\"https:\/\/www.conquest.pl\/es\/acerca-de-nosotros\/\" \/>\n<meta property=\"og:locale\" content=\"es_ES\" \/>\n<meta property=\"og:type\" content=\"article\" \/>\n<meta property=\"og:title\" content=\"O nas - ConQuest Consulting\" \/>\n<meta property=\"og:description\" content=\"Czym jest ConQuest? Tworzymy zesp\u00f3\u0142, kt\u00f3ry nie boi si\u0119 wyzwa\u0144. Dbamy o jako\u015b\u0107 \u015bwiadczonych us\u0142ug. Doradztwo biznesowe, kt\u00f3re pokochasz!\" \/>\n<meta property=\"og:url\" content=\"https:\/\/www.conquest.pl\/es\/acerca-de-nosotros\/\" \/>\n<meta property=\"og:site_name\" content=\"ConQuest Consulting\" \/>\n<meta property=\"article:modified_time\" content=\"2026-03-31T16:01:19+00:00\" \/>\n<meta property=\"og:image\" content=\"https:\/\/www.conquest.pl\/wp-content\/uploads\/2022\/04\/maria-teneva-zK6JSL9lS3A-unsplash-1-1024x712.png\" \/>\n\t<meta property=\"og:image:width\" content=\"1024\" \/>\n\t<meta property=\"og:image:height\" content=\"712\" \/>\n\t<meta property=\"og:image:type\" content=\"image\/png\" \/>\n<meta name=\"twitter:card\" content=\"summary_large_image\" \/>\n<meta name=\"twitter:label1\" content=\"Tiempo de lectura\" \/>\n\t<meta name=\"twitter:data1\" content=\"1 minuto\" \/>\n<script type=\"application\/ld+json\" class=\"yoast-schema-graph\">{\"@context\":\"https:\\\/\\\/schema.org\",\"@graph\":[{\"@type\":\"WebPage\",\"@id\":\"https:\\\/\\\/www.conquest.pl\\\/o-nas\\\/\",\"url\":\"https:\\\/\\\/www.conquest.pl\\\/o-nas\\\/\",\"name\":\"O nas - ConQuest Consulting\",\"isPartOf\":{\"@id\":\"https:\\\/\\\/www.conquest.pl\\\/#website\"},\"primaryImageOfPage\":{\"@id\":\"https:\\\/\\\/www.conquest.pl\\\/o-nas\\\/#primaryimage\"},\"image\":{\"@id\":\"https:\\\/\\\/www.conquest.pl\\\/o-nas\\\/#primaryimage\"},\"thumbnailUrl\":\"https:\\\/\\\/www.conquest.pl\\\/wp-content\\\/uploads\\\/2022\\\/04\\\/maria-teneva-zK6JSL9lS3A-unsplash-1.png\",\"datePublished\":\"2021-10-27T18:00:02+00:00\",\"dateModified\":\"2026-03-31T16:01:19+00:00\",\"description\":\"Czym jest ConQuest? Tworzymy zesp\u00f3\u0142, kt\u00f3ry nie boi si\u0119 wyzwa\u0144. Dbamy o jako\u015b\u0107 \u015bwiadczonych us\u0142ug. Doradztwo biznesowe, kt\u00f3re pokochasz!\",\"breadcrumb\":{\"@id\":\"https:\\\/\\\/www.conquest.pl\\\/o-nas\\\/#breadcrumb\"},\"inLanguage\":\"es\",\"potentialAction\":[{\"@type\":\"ReadAction\",\"target\":[\"https:\\\/\\\/www.conquest.pl\\\/o-nas\\\/\"]}]},{\"@type\":\"ImageObject\",\"inLanguage\":\"es\",\"@id\":\"https:\\\/\\\/www.conquest.pl\\\/o-nas\\\/#primaryimage\",\"url\":\"https:\\\/\\\/www.conquest.pl\\\/wp-content\\\/uploads\\\/2022\\\/04\\\/maria-teneva-zK6JSL9lS3A-unsplash-1.png\",\"contentUrl\":\"https:\\\/\\\/www.conquest.pl\\\/wp-content\\\/uploads\\\/2022\\\/04\\\/maria-teneva-zK6JSL9lS3A-unsplash-1.png\",\"width\":1537,\"height\":1068,\"caption\":\"conquest consulting\"},{\"@type\":\"BreadcrumbList\",\"@id\":\"https:\\\/\\\/www.conquest.pl\\\/o-nas\\\/#breadcrumb\",\"itemListElement\":[{\"@type\":\"ListItem\",\"position\":1,\"name\":\"Strona g\u0142\u00f3wna\",\"item\":\"https:\\\/\\\/www.conquest.pl\\\/\"},{\"@type\":\"ListItem\",\"position\":2,\"name\":\"O nas\"}]},{\"@type\":\"WebSite\",\"@id\":\"https:\\\/\\\/www.conquest.pl\\\/#website\",\"url\":\"https:\\\/\\\/www.conquest.pl\\\/\",\"name\":\"ConQuest Consulting\",\"description\":\"Pomagamy podejmowa\u0107 trafne decyzje biznesowe\",\"potentialAction\":[{\"@type\":\"SearchAction\",\"target\":{\"@type\":\"EntryPoint\",\"urlTemplate\":\"https:\\\/\\\/www.conquest.pl\\\/?s={search_term_string}\"},\"query-input\":{\"@type\":\"PropertyValueSpecification\",\"valueRequired\":true,\"valueName\":\"search_term_string\"}}],\"inLanguage\":\"es\"}]}<\/script>\n<!-- \/ Yoast SEO plugin. -->","yoast_head_json":{"title":"Sobre nosotros - ConQuest Consulting","description":"\u00bfQu\u00e9 es ConQuest? Formamos un equipo que no teme los retos. Nos preocupamos por la calidad de los servicios que prestamos. \u00a1Consultor\u00eda empresarial que le encantar\u00e1!","robots":{"index":"index","follow":"follow","max-snippet":"max-snippet:-1","max-image-preview":"max-image-preview:large","max-video-preview":"max-video-preview:-1"},"canonical":"https:\/\/www.conquest.pl\/es\/acerca-de-nosotros\/","og_locale":"es_ES","og_type":"article","og_title":"O nas - ConQuest Consulting","og_description":"Czym jest ConQuest? Tworzymy zesp\u00f3\u0142, kt\u00f3ry nie boi si\u0119 wyzwa\u0144. Dbamy o jako\u015b\u0107 \u015bwiadczonych us\u0142ug. Doradztwo biznesowe, kt\u00f3re pokochasz!","og_url":"https:\/\/www.conquest.pl\/es\/acerca-de-nosotros\/","og_site_name":"ConQuest Consulting","article_modified_time":"2026-03-31T16:01:19+00:00","og_image":[{"width":1024,"height":712,"url":"https:\/\/www.conquest.pl\/wp-content\/uploads\/2022\/04\/maria-teneva-zK6JSL9lS3A-unsplash-1-1024x712.png","type":"image\/png"}],"twitter_card":"summary_large_image","twitter_misc":{"Tiempo de lectura":"1 minuto"},"schema":{"@context":"https:\/\/schema.org","@graph":[{"@type":"WebPage","@id":"https:\/\/www.conquest.pl\/o-nas\/","url":"https:\/\/www.conquest.pl\/o-nas\/","name":"Sobre nosotros - ConQuest Consulting","isPartOf":{"@id":"https:\/\/www.conquest.pl\/#website"},"primaryImageOfPage":{"@id":"https:\/\/www.conquest.pl\/o-nas\/#primaryimage"},"image":{"@id":"https:\/\/www.conquest.pl\/o-nas\/#primaryimage"},"thumbnailUrl":"https:\/\/www.conquest.pl\/wp-content\/uploads\/2022\/04\/maria-teneva-zK6JSL9lS3A-unsplash-1.png","datePublished":"2021-10-27T18:00:02+00:00","dateModified":"2026-03-31T16:01:19+00:00","description":"\u00bfQu\u00e9 es ConQuest? Formamos un equipo que no teme los retos. Nos preocupamos por la calidad de los servicios que prestamos. \u00a1Consultor\u00eda empresarial que le encantar\u00e1!","breadcrumb":{"@id":"https:\/\/www.conquest.pl\/o-nas\/#breadcrumb"},"inLanguage":"es","potentialAction":[{"@type":"ReadAction","target":["https:\/\/www.conquest.pl\/o-nas\/"]}]},{"@type":"ImageObject","inLanguage":"es","@id":"https:\/\/www.conquest.pl\/o-nas\/#primaryimage","url":"https:\/\/www.conquest.pl\/wp-content\/uploads\/2022\/04\/maria-teneva-zK6JSL9lS3A-unsplash-1.png","contentUrl":"https:\/\/www.conquest.pl\/wp-content\/uploads\/2022\/04\/maria-teneva-zK6JSL9lS3A-unsplash-1.png","width":1537,"height":1068,"caption":"conquest consulting"},{"@type":"BreadcrumbList","@id":"https:\/\/www.conquest.pl\/o-nas\/#breadcrumb","itemListElement":[{"@type":"ListItem","position":1,"name":"Strona g\u0142\u00f3wna","item":"https:\/\/www.conquest.pl\/"},{"@type":"ListItem","position":2,"name":"O nas"}]},{"@type":"WebSite","@id":"https:\/\/www.conquest.pl\/#website","url":"https:\/\/www.conquest.pl\/","name":"Consultor\u00eda ConQuest","description":"Le ayudamos a tomar las decisiones empresariales correctas","potentialAction":[{"@type":"SearchAction","target":{"@type":"EntryPoint","urlTemplate":"https:\/\/www.conquest.pl\/?s={search_term_string}"},"query-input":{"@type":"PropertyValueSpecification","valueRequired":true,"valueName":"search_term_string"}}],"inLanguage":"es"}]}},"_links":{"self":[{"href":"https:\/\/www.conquest.pl\/es\/wp-json\/wp\/v2\/pages\/6","targetHints":{"allow":["GET"]}}],"collection":[{"href":"https:\/\/www.conquest.pl\/es\/wp-json\/wp\/v2\/pages"}],"about":[{"href":"https:\/\/www.conquest.pl\/es\/wp-json\/wp\/v2\/types\/page"}],"author":[{"embeddable":true,"href":"https:\/\/www.conquest.pl\/es\/wp-json\/wp\/v2\/users\/1"}],"replies":[{"embeddable":true,"href":"https:\/\/www.conquest.pl\/es\/wp-json\/wp\/v2\/comments?post=6"}],"version-history":[{"count":113,"href":"https:\/\/www.conquest.pl\/es\/wp-json\/wp\/v2\/pages\/6\/revisions"}],"predecessor-version":[{"id":13393,"href":"https:\/\/www.conquest.pl\/es\/wp-json\/wp\/v2\/pages\/6\/revisions\/13393"}],"wp:featuredmedia":[{"embeddable":true,"href":"https:\/\/www.conquest.pl\/es\/wp-json\/wp\/v2\/media\/1000"}],"wp:attachment":[{"href":"https:\/\/www.conquest.pl\/es\/wp-json\/wp\/v2\/media?parent=6"}],"curies":[{"name":"wp","href":"https:\/\/api.w.org\/{rel}","templated":true}]}}