{"id":785,"date":"2022-03-28T20:34:02","date_gmt":"2022-03-28T18:34:02","guid":{"rendered":"https:\/\/www.conquest.pl\/?page_id=785"},"modified":"2024-06-10T02:26:18","modified_gmt":"2024-06-10T00:26:18","slug":"normativa","status":"publish","type":"page","link":"https:\/\/www.conquest.pl\/es\/normativa\/","title":{"rendered":"Normativa"},"content":{"rendered":"<article>\n<h2>I. Conceptos generales<\/h2>\n<ul>\n<li><strong>Normativa<\/strong> - estas normas<\/li>\n<li><strong>Servicio<\/strong> - el sitio web de \"ConQuest Consulting\", que opera en https:\/\/www.conquest.pl\/.<\/li>\n<li><strong>Proveedor de servicios<\/strong> - la empresa \"Stowarzyszenie ConQuest Consulting\" con domicilio social: Pu\u0142awska 39\/1, 02-508 Varsovia, NIP: 5222478124, KRS: 0000100873,<\/li>\n<li><strong>Cliente<\/strong> - cualquier persona f\u00edsica que acceda al Sitio Web y utilice los servicios prestados a trav\u00e9s del Sitio Web por el Proveedor de Servicios.<\/li>\n<li><strong>Comunicaci\u00f3n por medios electr\u00f3nicos<\/strong> - Comunicaci\u00f3n entre las partes a trav\u00e9s de correo electr\u00f3nico (e-mail) y formularios de contacto disponibles en el sitio web.<\/li>\n<\/ul>\n<h2>II. Disposiciones generales<\/h2>\n<ul>\n<li>Los T\u00e9rminos y Condiciones rigen el funcionamiento y el uso del Sitio y establecen los derechos y obligaciones de los Clientes y del Proveedor de Servicios en relaci\u00f3n con el uso del Sitio.<\/li>\n<li>El objeto de los servicios del Proveedor de Servicios es poner a disposici\u00f3n, de forma gratuita, herramientas en forma de Sitio Web, que permitan a los Clientes del Proveedor de Servicios acceder a contenidos en forma de posts, art\u00edculos y material audiovisual, o aplicaciones web y formularios electr\u00f3nicos.<\/li>\n<li>Los posibles contenidos, art\u00edculos e informaci\u00f3n con las caracter\u00edsticas de consejos o asesoramiento publicados en el Sitio son s\u00f3lo una recopilaci\u00f3n general de informaci\u00f3n y no est\u00e1n dirigidos a Destinatarios de Servicios individuales. El Proveedor de Servicios no ser\u00e1 responsable del uso que los Clientes hagan de dicha informaci\u00f3n.<\/li>\n<li>El destinatario asume toda la responsabilidad por el uso de los materiales puestos a su disposici\u00f3n en el Sitio, incluido el uso de conformidad con la legislaci\u00f3n aplicable.<\/li>\n<li>El Proveedor de Servicios no ofrece ninguna garant\u00eda sobre la idoneidad del material publicado en el Sitio Web.<\/li>\n<li>El Proveedor de Servicios no se hace responsable de los da\u00f1os sufridos por el Cliente del Sitio o por terceros en relaci\u00f3n con el uso del Sitio. Cualquier riesgo relacionado con el uso del Sitio, y en particular con el uso y explotaci\u00f3n de la informaci\u00f3n publicada en el Sitio, correr\u00e1 a cargo del Cliente usuario del Sitio.<\/li>\n<\/ul>\n<h2>III. Condiciones de uso del Sitio<\/h2>\n<ul>\n<li>El uso del Sitio por parte de cada Destinatario del Servicio es gratuito y voluntario.<\/li>\n<li>Los destinatarios de los servicios est\u00e1n obligados a leer las Condiciones Generales y los dem\u00e1s documentos que forman parte integrante de las mismas y deben aceptar \u00edntegramente sus disposiciones para poder seguir utilizando el Sitio.<\/li>\n<li>Los destinatarios de los servicios no podr\u00e1n utilizar los datos personales obtenidos en el sitio web con fines comerciales.<\/li>\n<li>Requisitos t\u00e9cnicos para utilizar el Sitio web:\n<ul>\n<li>un dispositivo con una pantalla capaz de mostrar p\u00e1ginas web,<\/li>\n<li>Conexi\u00f3n a Internet,<\/li>\n<li>cualquier navegador web que muestre p\u00e1ginas web de acuerdo con las normas y disposiciones del Consorcio W3C y admita p\u00e1ginas web disponibles en HTML5,<\/li>\n<li>JavaScript activado,<\/li>\n<li>cookies habilitadas<\/li>\n<\/ul>\n<\/li>\n<li>Con el fin de garantizar la seguridad del Proveedor de Servicios, el Destinatario de Servicios y otros Destinatarios de Servicios que utilicen el Sitio, todos los Destinatarios de Servicios que utilicen el Sitio deber\u00e1n cumplir con las normas generalmente aceptadas de <a href=\"https:\/\/nety.pl\/cyberbezpieczenstwo\/zasady-ogolne-korzystania-z-sieci-internet\/\">Normas de seguridad en Internet<\/a>,<\/li>\n<li>Quedan prohibidas las acciones realizadas personalmente por los destinatarios o mediante oprorgamming:\n<ul>\n<li>sin autorizaci\u00f3n escrita, la descompilaci\u00f3n y el an\u00e1lisis del c\u00f3digo fuente,<\/li>\n<li>sin autorizaci\u00f3n escrita, causando una carga excesiva en el servidor del Servicio,<\/li>\n<li>sin consentimiento por escrito, intente descubrir vulnerabilidades en la seguridad del Servicio y en la configuraci\u00f3n del servidor,<\/li>\n<li>intentar cargar o inyectar c\u00f3digo, scripts y software en el servidor y en la base de datos que puedan causar da\u00f1os al software del Sitio, a otros Destinatarios del Servicio o al Proveedor del Servicio,<\/li>\n<li>intentar cargar o inyectar c\u00f3digo, scripts y software en el servidor y en la base de datos que puedan rastrear o robar datos de los Clientes o del Proveedor de Servicios,<\/li>\n<li>emprender cualquier acci\u00f3n para da\u00f1ar, bloquear el funcionamiento del Servicio o impedir que el Servicio cumpla su finalidad.<\/li>\n<\/ul>\n<\/li>\n<li>En caso de que se descubra la ocurrencia o posible ocurrencia de un incidente de Ciberseguridad o un incumplimiento de RODO, los Destinatarios de los Servicios deber\u00e1n comunicarlo en primera instancia al Proveedor de Servicios con el fin de rectificar r\u00e1pidamente el problema\/amenaza y salvaguardar los intereses de todos los Destinatarios de los Servicios.<\/li>\n<\/ul>\n<h2>IV. Condiciones del servicio Newsletter<\/h2>\n<ul>\n<li>Los destinatarios del servicio pueden utilizar el sitio web sin suscribirse al bolet\u00edn.<\/li>\n<li>La suscripci\u00f3n al servicio Newsletter es voluntaria.<\/li>\n<li>La suscripci\u00f3n al servicio Newsletter es gratuita.<\/li>\n<li>Requisitos t\u00e9cnicos del servicio Newsletter:\n<ul>\n<li>tener una cuenta de correo electr\u00f3nico individual,<\/li>\n<\/ul>\n<\/li>\n<li>Condiciones del servicio Newsletter:\n<ul>\n<li>proporcionar una cuenta de correo electr\u00f3nico individual en el formulario electr\u00f3nico,<\/li>\n<li>verificaci\u00f3n de la cuenta de correo electr\u00f3nico facilitada mediante la activaci\u00f3n del enlace enviado a la misma,<\/li>\n<li>consentimiento para recibir notificaciones por correo electr\u00f3nico,<\/li>\n<\/ul>\n<\/li>\n<li>Alcance del servicio Newsletter:\n<ul>\n<li>notificaci\u00f3n de nuevas noticias, posts, concursos y otras actividades promocionales relacionadas con los servicios del Sitio Web,<\/li>\n<li>notificaci\u00f3n de actividades promocionales de los socios del sitio web (mensajes de marketing),<\/li>\n<\/ul>\n<\/li>\n<li>Darse de baja del servicio Newsletter:\n<ul>\n<li>Todo Cliente suscrito al servicio de Newsletter tiene la opci\u00f3n de darse de baja del Servicio por s\u00ed mismo.<\/li>\n<li>Los destinatarios del servicio pueden hacerlo a trav\u00e9s de un enlace incluido en cada correo electr\u00f3nico enviado.<\/li>\n<li>La cancelaci\u00f3n de la suscripci\u00f3n al servicio de bolet\u00edn de noticias conlleva la eliminaci\u00f3n de la direcci\u00f3n de correo electr\u00f3nico facilitada de la base de datos del proveedor de servicios.<\/li>\n<\/ul>\n<\/li>\n<\/ul>\n<h2>V. Condiciones de comunicaci\u00f3n y prestaci\u00f3n de otros servicios en el sitio web<\/h2>\n<ul>\n<li>El Sitio Web proporciona servicios y herramientas que permiten a los Destinatarios del Servicio interactuar con el Sitio Web en forma de:\n<ul>\n<li>Formulario de contacto<\/li>\n<li>Comentar entradas y art\u00edculos<\/li>\n<\/ul>\n<\/li>\n<li>El servicio proporciona datos de contacto en forma de:\n<ul>\n<li>Correo electr\u00f3nico<\/li>\n<li>Tel\u00e9fono de contacto<\/li>\n<\/ul>\n<\/li>\n<li>Si el Cliente se pone en contacto con el Proveedor de Servicios, los datos personales del Cliente se tratar\u00e1n de conformidad con \"<a href=\"https:\/\/www.conquest.pl\/es\/politica-de-privacidad\/\">Pol\u00edtica de privacidad<\/a>\", que forma parte integrante del Reglamento.<\/li>\n<li>Condiciones para la publicaci\u00f3n de contenidos por parte de los Destinatarios del Servicio en el Sitio Web:\n<ul>\n<li>Est\u00e1 prohibido publicar en el Sitio contenidos ofensivos o difamatorios hacia el Proveedor de Servicios, otros Destinatarios de Servicios, terceros y terceros,<\/li>\n<li>Est\u00e1 prohibido colocar en el Sitio textos, gr\u00e1ficos, audiovisuales, guiones, programas y otras obras para las que el Cliente no posea una licencia, o cuyo autor de los derechos de propiedad no haya consentido la libre publicaci\u00f3n,<\/li>\n<li>Est\u00e1 prohibido incluir en el Servicio contenidos vulgares, pornogr\u00e1ficos, er\u00f3ticos e incompatibles con la legislaci\u00f3n polaca y europea, as\u00ed como enlaces a sitios que contengan dichos contenidos,<\/li>\n<li>Est\u00e1 prohibido colocar en el Sitio web scripts y programas que sobrecarguen el servidor, software ilegal, software utilizado para vulnerar la seguridad y otras actividades similares, as\u00ed como enlaces a sitios web que contengan dichos materiales,<\/li>\n<li>Est\u00e1 prohibido colocar en el Sitio Web cualquier contenido que promocione o anuncie otros servicios comerciales, productos, servicios o sitios web comerciales.<\/li>\n<\/ul>\n<\/li>\n<\/ul>\n<h2>VI. Recogida de datos sobre los destinatarios de los servicios<\/h2>\n<p>Para que el Proveedor de Servicios pueda prestar sus servicios correctamente, salvaguardar los intereses legales del Proveedor de Servicios y garantizar que el Proveedor de Servicios opera de conformidad con la legislaci\u00f3n aplicable, el Proveedor de Servicios recopila y procesa determinados datos sobre los Usuarios a trav\u00e9s del Servicio.<\/p>\n<p>Para la correcta prestaci\u00f3n de sus servicios, el Sitio Web utiliza y registra en cookies determinada informaci\u00f3n an\u00f3nima sobre el Usuario.<\/p>\n<p>El alcance, los fines, la forma y los principios del tratamiento de datos est\u00e1n disponibles en \"<a href=\"https:\/\/www.conquest.pl\/es\/politica-de-privacidad\/\">Pol\u00edtica de privacidad<\/a>\", que forma parte integrante del Reglamento.<\/p>\n<ul>\n<li><em>Datos recogidos autom\u00e1ticamente:<\/em><br \/>\nPara el buen funcionamiento del Sitio Web y para fines estad\u00edsticos, recopilamos autom\u00e1ticamente determinados datos sobre el Usuario. Estos datos incluyen:<\/p>\n<ul>\n<li>Direcci\u00f3n IP<\/li>\n<li>Tipo de navegador<\/li>\n<li>Resoluci\u00f3n de pantalla<\/li>\n<li>Localizaci\u00f3n aproximada<\/li>\n<li>Subp\u00e1ginas del sitio web que se pueden abrir<\/li>\n<li>Tiempo pasado en la subp\u00e1gina correspondiente del sitio web<\/li>\n<li>Tipo de sistema operativo<\/li>\n<li>Direcci\u00f3n de la subp\u00e1gina anterior<\/li>\n<li>Direcci\u00f3n del enlace<\/li>\n<li>Idioma del navegador<\/li>\n<li>Velocidad de conexi\u00f3n a Internet<\/li>\n<li>Proveedor de servicios de Internet<\/li>\n<li>Datos demogr\u00e1ficos an\u00f3nimos basados en datos de Google Analytics:\n<ul>\n<li>G\u00e9nero<\/li>\n<li>Edad<\/li>\n<li>Intereses<\/li>\n<\/ul>\n<\/li>\n<\/ul>\n<p>Los datos anteriores se obtienen a trav\u00e9s del script de Google Analytics y son an\u00f3nimos.<\/li>\n<li><em>Datos recogidos durante la suscripci\u00f3n al bolet\u00edn:<\/em><br \/>\ndirecci\u00f3n de correo electr\u00f3nico<\/li>\n<\/ul>\n<h2>VII. Derechos de autor<\/h2>\n<ul>\n<li>El Proveedor de Servicios es el propietario del Sitio Web y de los derechos de autor del Sitio Web.<\/li>\n<li>Algunos de los datos publicados en el Sitio est\u00e1n protegidos por derechos de autor pertenecientes a empresas, instituciones y terceros, no relacionados en modo alguno con el Proveedor de Servicios, y se utilizan en virtud de licencias obtenidas o basadas en una licencia gratuita.<\/li>\n<li>De conformidad con la Ley de Derechos de Autor de 4 de febrero de 1994, est\u00e1 prohibido utilizar, copiar, reproducir en cualquier forma o almacenar en sistemas de b\u00fasqueda, con la excepci\u00f3n de los motores de b\u00fasqueda Google, Bing, Yahoo, NetSprint, DuckDuckGo, Facebook y LinkedIn cualquier art\u00edculo, descripci\u00f3n, foto y cualquier otro contenido, material gr\u00e1fico, de v\u00eddeo o de audio en el Sitio sin el consentimiento o autorizaci\u00f3n por escrito del propietario legal.<\/li>\n<li>De conformidad con la Ley de 4 de febrero de 1994 sobre derechos de autor, los simples comunicados de prensa, entendidos como informaci\u00f3n propiamente dicha, sin ning\u00fan comentario o valoraci\u00f3n por parte del autor, no est\u00e1n protegidos. El autor entiende por ello la posibilidad de utilizar informaci\u00f3n de los textos facilitados en el sitio web, pero no la copia total o parcial de los art\u00edculos, siempre que no se indique en el material individual facilitado en el sitio web.<\/li>\n<\/ul>\n<h2>VIII. Modificaciones del Reglamento interno<\/h2>\n<ul>\n<li>Todas las disposiciones de las Condiciones Generales podr\u00e1n ser modificadas unilateralmente por el Proveedor de Servicios en cualquier momento, sin indicar los motivos.<\/li>\n<li>Las modificaciones del Reglamento entrar\u00e1n en vigor inmediatamente despu\u00e9s de su publicaci\u00f3n.<\/li>\n<li>Se considerar\u00e1 que todo Cliente que contin\u00fae utilizando el Sitio tras la modificaci\u00f3n de las Condiciones Generales las acepta en su totalidad.<\/li>\n<\/ul>\n<h2>IX. Disposiciones finales<\/h2>\n<ul>\n<li>El Prestador de Servicios no ser\u00e1 responsable en ning\u00fan caso, de acuerdo con lo permitido por la legislaci\u00f3n aplicable, de los contenidos transmitidos y publicados en el Sitio por los Destinatarios de los Servicios, por su veracidad, fiabilidad, autenticidad o defectos legales.<\/li>\n<li>El Proveedor de Servicios har\u00e1 todo lo posible para garantizar que los servicios del Sitio se ofrezcan de forma continua. No obstante, el Proveedor de Servicios no ser\u00e1 responsable de las interrupciones causadas por causas de fuerza mayor o interferencias no autorizadas por parte de los Destinatarios de los Servicios, terceros o la actividad de programas automatizados externos.<\/li>\n<li>El Proveedor de Servicios se reserva el derecho a modificar cualquier informaci\u00f3n publicada en el Sitio en el momento que elija, sin previo aviso a los Destinatarios de Servicios que utilicen el Sitio.<\/li>\n<li>El Proveedor de Servicios se reserva el derecho a cerrar temporalmente el Sitio, en su totalidad o en parte, con el fin de mejorarlo, a\u00f1adir servicios o realizar tareas de mantenimiento, sin previo aviso a los Usuarios del Servicio.<\/li>\n<li>El Proveedor de Servicios se reserva el derecho de cerrar el Sitio Web de forma permanente, sin previo aviso a los Destinatarios de los Servicios.<\/li>\n<li>El Proveedor de Servicios se reserva el derecho de ceder, en parte o en su totalidad, cualquiera de sus derechos y obligaciones relacionados con el Sitio, sin el consentimiento ni la posibilidad de objeci\u00f3n alguna por parte del Cliente.<\/li>\n<li>Las Condiciones de servicio actuales y anteriores pueden consultarse en esta subp\u00e1gina, bajo las Condiciones de servicio actuales.<\/li>\n<li>Para todas las cuestiones relacionadas con el funcionamiento del Sitio web, p\u00f3ngase en contacto con el Proveedor de servicios utilizando una de las siguientes formas de contacto:\n<ul>\n<li>Utilizando el formulario de contacto disponible en el sitio web<\/li>\n<li>Enviando un correo electr\u00f3nico a: board@www.conquest.pl<\/li>\n<li>Por tel\u00e9fono: +48 788 553 631<\/li>\n<\/ul>\n<p>Contactar utilizando los medios de comunicaci\u00f3n indicados exclusivamente para asuntos relacionados con el Servicio.<\/li>\n<\/ul>\n<\/article>","protected":false},"excerpt":{"rendered":"<p>I. Poj\u0119cia og\u00f3lne Regulamin \u2013 niniejszy regulamin Serwis \u2013 serwis internetowych &#8222;ConQuest Consulting&#8221;, dzia\u0142aj\u0105cych pod adresem https:\/\/www.conquest.pl\/ Us\u0142ugodawca \u2013 firma &#8222;Stowarzyszenie ConQuest Consulting&#8221; z adresem siedziby: Pu\u0142awska 39\/1, 02-508 Warszawa, NIP: 5222478124, KRS: 0000100873, Us\u0142ugobiorca \u2013 ka\u017cda osoba fizyczna, uzyskuj\u0105ca dost\u0119p do Serwisu i korzystaj\u0105ca z us\u0142ug \u015bwiadczonych za po\u015brednictwem Serwisu przez Us\u0142ugodawc\u0119. Komunikacja Drog\u0105 [&hellip;]<\/p>\n","protected":false},"author":1,"featured_media":0,"parent":0,"menu_order":0,"comment_status":"closed","ping_status":"closed","template":"templates\/regulamin.php","meta":{"_acf_changed":false,"footnotes":""},"class_list":["post-785","page","type-page","status-publish","hentry"],"acf":[],"yoast_head":"<!-- This site is optimized with the Yoast SEO plugin v27.4 - https:\/\/yoast.com\/product\/yoast-seo-wordpress\/ -->\n<title>Regulamin - ConQuest Consulting<\/title>\n<meta name=\"description\" content=\"Regulamin, okre\u015bla zasady funkcjonowania i u\u017cytkowania Serwisu oraz okre\u015bla zakres praw i obowi\u0105zk\u00f3w Us\u0142ugobiorc\u00f3w i Us\u0142ugodawcy.\" \/>\n<meta name=\"robots\" content=\"index, follow, max-snippet:-1, max-image-preview:large, max-video-preview:-1\" \/>\n<link rel=\"canonical\" href=\"https:\/\/www.conquest.pl\/es\/normativa\/\" \/>\n<meta property=\"og:locale\" content=\"es_ES\" \/>\n<meta property=\"og:type\" content=\"article\" \/>\n<meta property=\"og:title\" content=\"Regulamin - ConQuest Consulting\" \/>\n<meta property=\"og:description\" content=\"Regulamin, okre\u015bla zasady funkcjonowania i u\u017cytkowania Serwisu oraz okre\u015bla zakres praw i obowi\u0105zk\u00f3w Us\u0142ugobiorc\u00f3w i Us\u0142ugodawcy.\" \/>\n<meta property=\"og:url\" content=\"https:\/\/www.conquest.pl\/es\/normativa\/\" \/>\n<meta property=\"og:site_name\" content=\"ConQuest Consulting\" \/>\n<meta property=\"article:modified_time\" content=\"2024-06-10T00:26:18+00:00\" \/>\n<meta name=\"twitter:card\" content=\"summary_large_image\" \/>\n<meta name=\"twitter:label1\" content=\"Tiempo de lectura\" \/>\n\t<meta name=\"twitter:data1\" content=\"9 minutos\" \/>\n<script type=\"application\/ld+json\" class=\"yoast-schema-graph\">{\"@context\":\"https:\\\/\\\/schema.org\",\"@graph\":[{\"@type\":\"WebPage\",\"@id\":\"https:\\\/\\\/www.conquest.pl\\\/regulamin\\\/\",\"url\":\"https:\\\/\\\/www.conquest.pl\\\/regulamin\\\/\",\"name\":\"Regulamin - ConQuest Consulting\",\"isPartOf\":{\"@id\":\"https:\\\/\\\/www.conquest.pl\\\/#website\"},\"datePublished\":\"2022-03-28T18:34:02+00:00\",\"dateModified\":\"2024-06-10T00:26:18+00:00\",\"description\":\"Regulamin, okre\u015bla zasady funkcjonowania i u\u017cytkowania Serwisu oraz okre\u015bla zakres praw i obowi\u0105zk\u00f3w Us\u0142ugobiorc\u00f3w i Us\u0142ugodawcy.\",\"breadcrumb\":{\"@id\":\"https:\\\/\\\/www.conquest.pl\\\/regulamin\\\/#breadcrumb\"},\"inLanguage\":\"es\",\"potentialAction\":[{\"@type\":\"ReadAction\",\"target\":[\"https:\\\/\\\/www.conquest.pl\\\/regulamin\\\/\"]}]},{\"@type\":\"BreadcrumbList\",\"@id\":\"https:\\\/\\\/www.conquest.pl\\\/regulamin\\\/#breadcrumb\",\"itemListElement\":[{\"@type\":\"ListItem\",\"position\":1,\"name\":\"Strona g\u0142\u00f3wna\",\"item\":\"https:\\\/\\\/www.conquest.pl\\\/\"},{\"@type\":\"ListItem\",\"position\":2,\"name\":\"Regulamin\"}]},{\"@type\":\"WebSite\",\"@id\":\"https:\\\/\\\/www.conquest.pl\\\/#website\",\"url\":\"https:\\\/\\\/www.conquest.pl\\\/\",\"name\":\"ConQuest Consulting\",\"description\":\"Pomagamy podejmowa\u0107 trafne decyzje biznesowe\",\"potentialAction\":[{\"@type\":\"SearchAction\",\"target\":{\"@type\":\"EntryPoint\",\"urlTemplate\":\"https:\\\/\\\/www.conquest.pl\\\/?s={search_term_string}\"},\"query-input\":{\"@type\":\"PropertyValueSpecification\",\"valueRequired\":true,\"valueName\":\"search_term_string\"}}],\"inLanguage\":\"es\"}]}<\/script>\n<!-- \/ Yoast SEO plugin. -->","yoast_head_json":{"title":"T\u00e9rminos y condiciones - ConQuest Consulting","description":"Los T\u00e9rminos y Condiciones, establecen las normas de funcionamiento y uso del Sitio y definen los derechos y obligaciones de los Destinatarios de los Servicios y del Proveedor de Servicios.","robots":{"index":"index","follow":"follow","max-snippet":"max-snippet:-1","max-image-preview":"max-image-preview:large","max-video-preview":"max-video-preview:-1"},"canonical":"https:\/\/www.conquest.pl\/es\/normativa\/","og_locale":"es_ES","og_type":"article","og_title":"Regulamin - ConQuest Consulting","og_description":"Regulamin, okre\u015bla zasady funkcjonowania i u\u017cytkowania Serwisu oraz okre\u015bla zakres praw i obowi\u0105zk\u00f3w Us\u0142ugobiorc\u00f3w i Us\u0142ugodawcy.","og_url":"https:\/\/www.conquest.pl\/es\/normativa\/","og_site_name":"ConQuest Consulting","article_modified_time":"2024-06-10T00:26:18+00:00","twitter_card":"summary_large_image","twitter_misc":{"Tiempo de lectura":"9 minutos"},"schema":{"@context":"https:\/\/schema.org","@graph":[{"@type":"WebPage","@id":"https:\/\/www.conquest.pl\/regulamin\/","url":"https:\/\/www.conquest.pl\/regulamin\/","name":"T\u00e9rminos y condiciones - ConQuest Consulting","isPartOf":{"@id":"https:\/\/www.conquest.pl\/#website"},"datePublished":"2022-03-28T18:34:02+00:00","dateModified":"2024-06-10T00:26:18+00:00","description":"Los T\u00e9rminos y Condiciones, establecen las normas de funcionamiento y uso del Sitio y definen los derechos y obligaciones de los Destinatarios de los Servicios y del Proveedor de Servicios.","breadcrumb":{"@id":"https:\/\/www.conquest.pl\/regulamin\/#breadcrumb"},"inLanguage":"es","potentialAction":[{"@type":"ReadAction","target":["https:\/\/www.conquest.pl\/regulamin\/"]}]},{"@type":"BreadcrumbList","@id":"https:\/\/www.conquest.pl\/regulamin\/#breadcrumb","itemListElement":[{"@type":"ListItem","position":1,"name":"Strona g\u0142\u00f3wna","item":"https:\/\/www.conquest.pl\/"},{"@type":"ListItem","position":2,"name":"Regulamin"}]},{"@type":"WebSite","@id":"https:\/\/www.conquest.pl\/#website","url":"https:\/\/www.conquest.pl\/","name":"Consultor\u00eda ConQuest","description":"Le ayudamos a tomar las decisiones empresariales correctas","potentialAction":[{"@type":"SearchAction","target":{"@type":"EntryPoint","urlTemplate":"https:\/\/www.conquest.pl\/?s={search_term_string}"},"query-input":{"@type":"PropertyValueSpecification","valueRequired":true,"valueName":"search_term_string"}}],"inLanguage":"es"}]}},"_links":{"self":[{"href":"https:\/\/www.conquest.pl\/es\/wp-json\/wp\/v2\/pages\/785","targetHints":{"allow":["GET"]}}],"collection":[{"href":"https:\/\/www.conquest.pl\/es\/wp-json\/wp\/v2\/pages"}],"about":[{"href":"https:\/\/www.conquest.pl\/es\/wp-json\/wp\/v2\/types\/page"}],"author":[{"embeddable":true,"href":"https:\/\/www.conquest.pl\/es\/wp-json\/wp\/v2\/users\/1"}],"replies":[{"embeddable":true,"href":"https:\/\/www.conquest.pl\/es\/wp-json\/wp\/v2\/comments?post=785"}],"version-history":[{"count":8,"href":"https:\/\/www.conquest.pl\/es\/wp-json\/wp\/v2\/pages\/785\/revisions"}],"predecessor-version":[{"id":7219,"href":"https:\/\/www.conquest.pl\/es\/wp-json\/wp\/v2\/pages\/785\/revisions\/7219"}],"wp:attachment":[{"href":"https:\/\/www.conquest.pl\/es\/wp-json\/wp\/v2\/media?parent=785"}],"curies":[{"name":"wp","href":"https:\/\/api.w.org\/{rel}","templated":true}]}}