{"id":8669,"date":"2024-01-04T18:31:50","date_gmt":"2024-01-04T17:31:50","guid":{"rendered":"https:\/\/www.conquest.pl\/?page_id=8669"},"modified":"2024-06-10T02:28:12","modified_gmt":"2024-06-10T00:28:12","slug":"clausulas-de-informacion-rodo","status":"publish","type":"page","link":"https:\/\/www.conquest.pl\/es\/clausulas-de-informacion-rodo\/","title":{"rendered":"RODO"},"content":{"rendered":"<h2><\/h2>\n<h2>Contratistas:<\/h2>\n<p style=\"text-align: center;\"><em><u>CL\u00c1USULA DE INFORMACI\u00d3N<\/u><\/em><br \/>\ntratar datos personales<\/p>\n<p>De conformidad con el art\u00edculo 13.1 del Reglamento (UE) 2016\/679 del Parlamento Europeo y del Consejo, de 27 de abril de 2016, relativo a la protecci\u00f3n de las personas f\u00edsicas en lo que respecta al tratamiento de datos personales y a la libre circulaci\u00f3n de estos datos (Reglamento general de protecci\u00f3n de datos), en adelante RODO, le informo que:<\/p>\n<table width=\"647\">\n<tbody>\n<tr>\n<td width=\"249\">El responsable del tratamiento de sus Datos es:<\/td>\n<td width=\"398\">Asociaci\u00f3n \"CONQUEST CONSULTING\"<\/p>\n<p>02-508 Varsovia ul. Pu\u0142awska 39\/1<\/p>\n<p>Correo electr\u00f3nico: board@conquest.pl<\/td>\n<\/tr>\n<tr>\n<td width=\"249\">Sus datos ser\u00e1n tratados para:<\/td>\n<td width=\"398\">Aplicaci\u00f3n del acuerdo<\/td>\n<\/tr>\n<tr>\n<td width=\"249\">La base para el tratamiento de sus datos personales es:<\/td>\n<td width=\"398\">Art\u00edculo 6(1)(b) RODO \/ el contrato que ha firmado.<\/td>\n<\/tr>\n<tr>\n<td width=\"249\">Informaci\u00f3n sobre la transferencia de datos a otras entidades:<\/td>\n<td width=\"398\">Los destinatarios de sus datos personales ser\u00e1n \u00fanicamente entidades con derecho a obtener datos personales en virtud de la ley. Sus datos no se transferir\u00e1n a organizaciones internacionales ni a terceros pa\u00edses.<\/td>\n<\/tr>\n<tr>\n<td width=\"249\">Periodo de conservaci\u00f3n de los datos:<\/td>\n<td width=\"398\">- la duraci\u00f3n del contrato,<br \/>\n- disposiciones legales que pueden obligarnos a tratar los datos durante un determinado per\u00edodo de tiempo,<br \/>\n- necesario para defender nuestros intereses.<\/td>\n<\/tr>\n<tr>\n<td width=\"249\">Tienes derecho a:<\/td>\n<td width=\"398\">1. Acceso a sus datos y posibilidad de corregirlos,<\/p>\n<p>2. restringir el tratamiento de sus datos,<\/p>\n<p>3. portabilidad de los datos,<\/p>\n<p>4. presentar una reclamaci\u00f3n ante una autoridad de control.<\/td>\n<\/tr>\n<tr>\n<td width=\"249\">Los datos que proporciona son:<\/td>\n<td width=\"398\">Se toman voluntariamente. La no comunicaci\u00f3n de los datos supondr\u00e1 la imposibilidad de cumplir el contrato.<\/td>\n<\/tr>\n<tr>\n<td width=\"249\">Tus datos:<\/td>\n<td width=\"398\">no son objeto de decisiones automatizadas ni de elaboraci\u00f3n de perfiles<\/td>\n<\/tr>\n<\/tbody>\n<\/table>\n<p>&nbsp;<\/p>\n<h2>Candidatos:<\/h2>\n<p style=\"text-align: center;\"><em><u>CL\u00c1USULA DE INFORMACI\u00d3N<\/u><\/em><br \/>\ntratar datos personales<\/p>\n<p>De conformidad con el art\u00edculo 13.1 del Reglamento (UE) 2016\/679 del Parlamento Europeo y del Consejo, de 27 de abril de 2016, relativo a la protecci\u00f3n de las personas f\u00edsicas en lo que respecta al tratamiento de datos personales y a la libre circulaci\u00f3n de estos datos (Reglamento general de protecci\u00f3n de datos), en adelante RODO, le informo que:<\/p>\n<table width=\"647\">\n<tbody>\n<tr>\n<td width=\"249\">El responsable del tratamiento de sus Datos es:<\/td>\n<td width=\"398\">&nbsp;<\/p>\n<p>Asociaci\u00f3n \"CONQUEST CONSULTING\"<\/p>\n<p>02-508 Varsovia ul. Pu\u0142awska 39\/1<\/p>\n<p>Correo electr\u00f3nico: board@conquest.pl<\/p>\n<p>&nbsp;<\/td>\n<\/tr>\n<tr>\n<td width=\"249\">Sus datos ser\u00e1n tratados para:<\/td>\n<td width=\"398\">Contrataci\u00f3n<\/td>\n<\/tr>\n<tr>\n<td width=\"249\">La base para el tratamiento de sus datos personales es:<\/td>\n<td width=\"398\">Su consentimiento<\/td>\n<\/tr>\n<tr>\n<td width=\"249\">Informaci\u00f3n sobre la transferencia de datos a otras entidades:<\/td>\n<td width=\"398\">Sus datos no se transmiten a otras entidades no mencionadas en la legislaci\u00f3n. Sus datos no se transfieren a organizaciones internacionales ni a terceros pa\u00edses.<\/td>\n<\/tr>\n<tr>\n<td width=\"249\">Periodo de conservaci\u00f3n de los datos:<\/td>\n<td width=\"398\">Mientras dure la contrataci\u00f3n.<\/td>\n<\/tr>\n<tr>\n<td width=\"249\">Tienes derecho a:<\/td>\n<td width=\"398\">1. Acceso a sus datos y posibilidad de corregirlos,<\/p>\n<p>2. borra tus datos,<\/p>\n<p>3. restringir el tratamiento de sus datos,<\/p>\n<p>4. portabilidad de los datos,<\/p>\n<p>5. retirada del consentimiento,<\/p>\n<p>6. presentar una reclamaci\u00f3n ante una autoridad de control.<\/td>\n<\/tr>\n<tr>\n<td width=\"249\">Los datos que proporciona son:<\/td>\n<td width=\"398\">Se toma de forma voluntaria. No facilitar los datos supondr\u00e1 la imposibilidad de contrataci\u00f3n.<\/td>\n<\/tr>\n<tr>\n<td width=\"249\">Tus datos:<\/td>\n<td width=\"398\">no son objeto de decisiones automatizadas ni de elaboraci\u00f3n de perfiles<\/td>\n<\/tr>\n<\/tbody>\n<\/table>\n<p>&nbsp;<\/p>\n<h2>Empleados:<\/h2>\n<p style=\"text-align: center;\"><em><u>CL\u00c1USULA DE INFORMACI\u00d3N<\/u><\/em><br \/>\ntratar datos personales<\/p>\n<p>De conformidad con el art\u00edculo 13.1 del Reglamento (UE) 2016\/679 del Parlamento Europeo y del Consejo, de 27 de abril de 2016, relativo a la protecci\u00f3n de las personas f\u00edsicas en lo que respecta al tratamiento de datos personales y a la libre circulaci\u00f3n de estos datos (Reglamento general de protecci\u00f3n de datos), en adelante RODO, le informo que:<\/p>\n<table width=\"647\">\n<tbody>\n<tr>\n<td width=\"249\">El responsable del tratamiento de sus Datos es:<\/td>\n<td width=\"398\">Asociaci\u00f3n \"CONQUEST CONSULTING\"<\/p>\n<p>02-508 Varsovia ul. Pu\u0142awska 39\/1<\/p>\n<p>Correo electr\u00f3nico: board@conquest.pl<\/td>\n<\/tr>\n<tr>\n<td width=\"249\">Sus datos ser\u00e1n tratados para:<\/td>\n<td width=\"398\">\u00a0La ejecuci\u00f3n del contrato -sobre la base del art\u00edculo 6, apartado 1, letra b), del Reglamento general de protecci\u00f3n de datos, de 27 de abril de 2016, y tambi\u00e9n podr\u00e1 tratarse para hacer valer reclamaciones en virtud del Derecho civil y la defensa frente a dichas reclamaciones, en caso de que se presenten.<\/td>\n<\/tr>\n<tr>\n<td width=\"249\">La base para el tratamiento de sus datos personales es:<\/td>\n<td width=\"398\">\u00a0Art\u00edculo 6, apartado 1, letras b) y c), del Reglamento general de protecci\u00f3n de datos de 27 de abril de 2016 ., Ley de 23 de abril de 1964 del C\u00f3digo Civil (Diario de Leyes 2020, punto 1740).<\/td>\n<\/tr>\n<tr>\n<td width=\"249\">Informaci\u00f3n sobre la transferencia de datos a otras entidades:<\/td>\n<td width=\"398\">Sus datos no se transmiten a otras entidades no mencionadas en la legislaci\u00f3n.<\/td>\n<\/tr>\n<tr>\n<td width=\"249\">Periodo de conservaci\u00f3n de los datos:<\/td>\n<td width=\"398\">Registros de contratos de Derecho civil - 5 a\u00f1os<\/td>\n<\/tr>\n<tr>\n<td width=\"249\">Tienes derecho a:<\/td>\n<td width=\"398\">1. Acceso a sus datos y posibilidad de corregirlos,<\/p>\n<p>2. restringir el tratamiento de sus datos,<\/p>\n<p>3. portabilidad de los datos,<\/p>\n<p>4. presentar una reclamaci\u00f3n ante una autoridad de control.<\/td>\n<\/tr>\n<tr>\n<td width=\"249\">Los datos que proporciona son:<\/td>\n<td width=\"398\">requisito de la Ley del C\u00f3digo Civil de 23 de abril de 1964 (Diario de Leyes 2020, punto 1740).  El suministro de datos personales en la medida exigida por el C\u00f3digo Civil es obligatorio. La no facilitaci\u00f3n de datos tiene como consecuencia: el incumplimiento de los requisitos de la Ley.<\/td>\n<\/tr>\n<tr>\n<td width=\"249\">Tus datos:<\/td>\n<td width=\"398\">no son objeto de decisiones automatizadas ni de elaboraci\u00f3n de perfiles<\/td>\n<\/tr>\n<\/tbody>\n<\/table>","protected":false},"excerpt":{"rendered":"<p>Kontrahenci: KLAUZULA INFORMACYJNA do przetwarzania danych osobowych Na podstawie art. 13 ust. 1 Rozporz\u0105dzenia Parlamentu Europejskiego i Rady (UE) 2016\/679 z dnia 27 kwietnia 2016 r. w sprawie ochrony os\u00f3b fizycznych w zwi\u0105zku z przetwarzaniem danych osobowych i\u00a0w\u00a0sprawie swobodnego przep\u0142ywu takich danych (og\u00f3lne rozporz\u0105dzenie o ochronie danych), zwane dalej RODO, informuj\u0119 Pana\/Pani\u0105, \u017ce: Administratorem Pana\/i [&hellip;]<\/p>\n","protected":false},"author":9,"featured_media":0,"parent":0,"menu_order":0,"comment_status":"closed","ping_status":"closed","template":"templates\/regulamin.php","meta":{"_acf_changed":false,"footnotes":""},"class_list":["post-8669","page","type-page","status-publish","hentry"],"acf":[],"yoast_head":"<!-- This site is optimized with the Yoast SEO plugin v27.4 - https:\/\/yoast.com\/product\/yoast-seo-wordpress\/ -->\n<title>RODO - ConQuest Consulting<\/title>\n<meta name=\"description\" content=\"Klauzule informacyjne dla kontrahent\u00f3w, kandydat\u00f3w do pracy i pracownik\u00f3w do przetwarzania danych osobowych.\" \/>\n<meta name=\"robots\" content=\"index, follow, max-snippet:-1, max-image-preview:large, max-video-preview:-1\" \/>\n<link rel=\"canonical\" href=\"https:\/\/www.conquest.pl\/es\/clausulas-de-informacion-rodo\/\" \/>\n<meta property=\"og:locale\" content=\"es_ES\" \/>\n<meta property=\"og:type\" content=\"article\" \/>\n<meta property=\"og:title\" content=\"RODO - ConQuest Consulting\" \/>\n<meta property=\"og:description\" content=\"Klauzule informacyjne dla kontrahent\u00f3w, kandydat\u00f3w do pracy i pracownik\u00f3w do przetwarzania danych osobowych.\" \/>\n<meta property=\"og:url\" content=\"https:\/\/www.conquest.pl\/es\/clausulas-de-informacion-rodo\/\" \/>\n<meta property=\"og:site_name\" content=\"ConQuest Consulting\" \/>\n<meta property=\"article:modified_time\" content=\"2024-06-10T00:28:12+00:00\" \/>\n<meta name=\"twitter:card\" content=\"summary_large_image\" \/>\n<meta name=\"twitter:label1\" content=\"Tiempo de lectura\" \/>\n\t<meta name=\"twitter:data1\" content=\"4 minutos\" \/>\n<script type=\"application\/ld+json\" class=\"yoast-schema-graph\">{\"@context\":\"https:\\\/\\\/schema.org\",\"@graph\":[{\"@type\":\"WebPage\",\"@id\":\"https:\\\/\\\/www.conquest.pl\\\/klauzule-informacyjne-rodo\\\/\",\"url\":\"https:\\\/\\\/www.conquest.pl\\\/klauzule-informacyjne-rodo\\\/\",\"name\":\"RODO - ConQuest Consulting\",\"isPartOf\":{\"@id\":\"https:\\\/\\\/www.conquest.pl\\\/#website\"},\"datePublished\":\"2024-01-04T17:31:50+00:00\",\"dateModified\":\"2024-06-10T00:28:12+00:00\",\"description\":\"Klauzule informacyjne dla kontrahent\u00f3w, kandydat\u00f3w do pracy i pracownik\u00f3w do przetwarzania danych osobowych.\",\"breadcrumb\":{\"@id\":\"https:\\\/\\\/www.conquest.pl\\\/klauzule-informacyjne-rodo\\\/#breadcrumb\"},\"inLanguage\":\"es\",\"potentialAction\":[{\"@type\":\"ReadAction\",\"target\":[\"https:\\\/\\\/www.conquest.pl\\\/klauzule-informacyjne-rodo\\\/\"]}]},{\"@type\":\"BreadcrumbList\",\"@id\":\"https:\\\/\\\/www.conquest.pl\\\/klauzule-informacyjne-rodo\\\/#breadcrumb\",\"itemListElement\":[{\"@type\":\"ListItem\",\"position\":1,\"name\":\"Strona g\u0142\u00f3wna\",\"item\":\"https:\\\/\\\/www.conquest.pl\\\/\"},{\"@type\":\"ListItem\",\"position\":2,\"name\":\"RODO\"}]},{\"@type\":\"WebSite\",\"@id\":\"https:\\\/\\\/www.conquest.pl\\\/#website\",\"url\":\"https:\\\/\\\/www.conquest.pl\\\/\",\"name\":\"ConQuest Consulting\",\"description\":\"Pomagamy podejmowa\u0107 trafne decyzje biznesowe\",\"potentialAction\":[{\"@type\":\"SearchAction\",\"target\":{\"@type\":\"EntryPoint\",\"urlTemplate\":\"https:\\\/\\\/www.conquest.pl\\\/?s={search_term_string}\"},\"query-input\":{\"@type\":\"PropertyValueSpecification\",\"valueRequired\":true,\"valueName\":\"search_term_string\"}}],\"inLanguage\":\"es\"}]}<\/script>\n<!-- \/ Yoast SEO plugin. -->","yoast_head_json":{"title":"RODO - Consultor\u00eda ConQuest","description":"Cl\u00e1usulas informativas para contratistas, solicitantes de empleo y empleados para el tratamiento de datos personales.","robots":{"index":"index","follow":"follow","max-snippet":"max-snippet:-1","max-image-preview":"max-image-preview:large","max-video-preview":"max-video-preview:-1"},"canonical":"https:\/\/www.conquest.pl\/es\/clausulas-de-informacion-rodo\/","og_locale":"es_ES","og_type":"article","og_title":"RODO - ConQuest Consulting","og_description":"Klauzule informacyjne dla kontrahent\u00f3w, kandydat\u00f3w do pracy i pracownik\u00f3w do przetwarzania danych osobowych.","og_url":"https:\/\/www.conquest.pl\/es\/clausulas-de-informacion-rodo\/","og_site_name":"ConQuest Consulting","article_modified_time":"2024-06-10T00:28:12+00:00","twitter_card":"summary_large_image","twitter_misc":{"Tiempo de lectura":"4 minutos"},"schema":{"@context":"https:\/\/schema.org","@graph":[{"@type":"WebPage","@id":"https:\/\/www.conquest.pl\/klauzule-informacyjne-rodo\/","url":"https:\/\/www.conquest.pl\/klauzule-informacyjne-rodo\/","name":"RODO - Consultor\u00eda ConQuest","isPartOf":{"@id":"https:\/\/www.conquest.pl\/#website"},"datePublished":"2024-01-04T17:31:50+00:00","dateModified":"2024-06-10T00:28:12+00:00","description":"Cl\u00e1usulas informativas para contratistas, solicitantes de empleo y empleados para el tratamiento de datos personales.","breadcrumb":{"@id":"https:\/\/www.conquest.pl\/klauzule-informacyjne-rodo\/#breadcrumb"},"inLanguage":"es","potentialAction":[{"@type":"ReadAction","target":["https:\/\/www.conquest.pl\/klauzule-informacyjne-rodo\/"]}]},{"@type":"BreadcrumbList","@id":"https:\/\/www.conquest.pl\/klauzule-informacyjne-rodo\/#breadcrumb","itemListElement":[{"@type":"ListItem","position":1,"name":"Strona g\u0142\u00f3wna","item":"https:\/\/www.conquest.pl\/"},{"@type":"ListItem","position":2,"name":"RODO"}]},{"@type":"WebSite","@id":"https:\/\/www.conquest.pl\/#website","url":"https:\/\/www.conquest.pl\/","name":"Consultor\u00eda ConQuest","description":"Le ayudamos a tomar las decisiones empresariales correctas","potentialAction":[{"@type":"SearchAction","target":{"@type":"EntryPoint","urlTemplate":"https:\/\/www.conquest.pl\/?s={search_term_string}"},"query-input":{"@type":"PropertyValueSpecification","valueRequired":true,"valueName":"search_term_string"}}],"inLanguage":"es"}]}},"_links":{"self":[{"href":"https:\/\/www.conquest.pl\/es\/wp-json\/wp\/v2\/pages\/8669","targetHints":{"allow":["GET"]}}],"collection":[{"href":"https:\/\/www.conquest.pl\/es\/wp-json\/wp\/v2\/pages"}],"about":[{"href":"https:\/\/www.conquest.pl\/es\/wp-json\/wp\/v2\/types\/page"}],"author":[{"embeddable":true,"href":"https:\/\/www.conquest.pl\/es\/wp-json\/wp\/v2\/users\/9"}],"replies":[{"embeddable":true,"href":"https:\/\/www.conquest.pl\/es\/wp-json\/wp\/v2\/comments?post=8669"}],"version-history":[{"count":6,"href":"https:\/\/www.conquest.pl\/es\/wp-json\/wp\/v2\/pages\/8669\/revisions"}],"predecessor-version":[{"id":8675,"href":"https:\/\/www.conquest.pl\/es\/wp-json\/wp\/v2\/pages\/8669\/revisions\/8675"}],"wp:attachment":[{"href":"https:\/\/www.conquest.pl\/es\/wp-json\/wp\/v2\/media?parent=8669"}],"curies":[{"name":"wp","href":"https:\/\/api.w.org\/{rel}","templated":true}]}}